{"id":121,"date":"2023-09-05T12:38:59","date_gmt":"2023-09-05T10:38:59","guid":{"rendered":"https:\/\/lateliercojane.com\/?page_id=121"},"modified":"2025-01-06T12:30:34","modified_gmt":"2025-01-06T11:30:34","slug":"nous-rejoindre","status":"publish","type":"page","link":"https:\/\/lateliercojane.com\/?page_id=121","title":{"rendered":"Nous rejoindre"},"content":{"rendered":"\t\t<div data-elementor-type=\"wp-page\" data-elementor-id=\"121\" class=\"elementor elementor-121\">\n\t\t\t\t\t\t<section class=\"elementor-section elementor-top-section elementor-element elementor-element-43812dc elementor-section-boxed elementor-section-height-default elementor-section-height-default\" data-id=\"43812dc\" data-element_type=\"section\">\n\t\t\t\t\t\t<div class=\"elementor-container elementor-column-gap-default\">\n\t\t\t\t\t<div class=\"elementor-column elementor-col-100 elementor-top-column elementor-element elementor-element-695741c\" data-id=\"695741c\" data-element_type=\"column\">\n\t\t\t<div class=\"elementor-widget-wrap elementor-element-populated\">\n\t\t\t\t\t\t<div class=\"elementor-element elementor-element-bd23139 elementor-widget elementor-widget-text-editor\" data-id=\"bd23139\" data-element_type=\"widget\" data-widget_type=\"text-editor.default\">\n\t\t\t\t<div class=\"elementor-widget-container\">\n\t\t\t\t\t\t\t\t\t<p><span style=\"color: var( --e-global-color-text ); font-family: var( --e-global-typography-text-font-family ), Sans-serif; font-weight: var( --e-global-typography-text-font-weight );\">N&rsquo;h\u00e9sitez pas \u00e0 nous d\u00e9poser votre candidature spontan\u00e9e par mail : contact@lateliercojane.com<\/span><\/p>\t\t\t\t\t\t\t\t<\/div>\n\t\t\t\t<\/div>\n\t\t\t\t\t<\/div>\n\t\t<\/div>\n\t\t\t\t\t<\/div>\n\t\t<\/section>\n\t\t\t\t<section class=\"elementor-section elementor-top-section elementor-element elementor-element-3c6d72f elementor-section-boxed elementor-section-height-default elementor-section-height-default\" data-id=\"3c6d72f\" data-element_type=\"section\">\n\t\t\t\t\t\t<div class=\"elementor-container elementor-column-gap-default\">\n\t\t\t\t\t<div class=\"elementor-column elementor-col-100 elementor-top-column elementor-element elementor-element-7ed48e5\" data-id=\"7ed48e5\" data-element_type=\"column\">\n\t\t\t<div class=\"elementor-widget-wrap elementor-element-populated\">\n\t\t\t\t\t\t<div class=\"elementor-element elementor-element-36919b0 elementor-widget elementor-widget-image\" data-id=\"36919b0\" data-element_type=\"widget\" data-widget_type=\"image.default\">\n\t\t\t\t<div class=\"elementor-widget-container\">\n\t\t\t\t\t\t\t\t\t\t\t\t\t\t\t<img fetchpriority=\"high\" decoding=\"async\" width=\"768\" height=\"1365\" src=\"https:\/\/lateliercojane.com\/wp-content\/uploads\/2025\/01\/Orange-Abstract-Were-Hiring-Photographer-Instagram-Story-1-768x1365.png\" class=\"attachment-medium_large size-medium_large wp-image-4233\" alt=\"\" srcset=\"https:\/\/lateliercojane.com\/wp-content\/uploads\/2025\/01\/Orange-Abstract-Were-Hiring-Photographer-Instagram-Story-1-768x1365.png 768w, https:\/\/lateliercojane.com\/wp-content\/uploads\/2025\/01\/Orange-Abstract-Were-Hiring-Photographer-Instagram-Story-1-169x300.png 169w, https:\/\/lateliercojane.com\/wp-content\/uploads\/2025\/01\/Orange-Abstract-Were-Hiring-Photographer-Instagram-Story-1-576x1024.png 576w, https:\/\/lateliercojane.com\/wp-content\/uploads\/2025\/01\/Orange-Abstract-Were-Hiring-Photographer-Instagram-Story-1-113x200.png 113w, https:\/\/lateliercojane.com\/wp-content\/uploads\/2025\/01\/Orange-Abstract-Were-Hiring-Photographer-Instagram-Story-1-864x1536.png 864w, https:\/\/lateliercojane.com\/wp-content\/uploads\/2025\/01\/Orange-Abstract-Were-Hiring-Photographer-Instagram-Story-1-200x356.png 200w, https:\/\/lateliercojane.com\/wp-content\/uploads\/2025\/01\/Orange-Abstract-Were-Hiring-Photographer-Instagram-Story-1-34x60.png 34w, https:\/\/lateliercojane.com\/wp-content\/uploads\/2025\/01\/Orange-Abstract-Were-Hiring-Photographer-Instagram-Story-1.png 1080w\" sizes=\"(max-width: 768px) 100vw, 768px\" \/>\t\t\t\t\t\t\t\t\t\t\t\t\t\t\t<\/div>\n\t\t\t\t<\/div>\n\t\t\t\t\t<\/div>\n\t\t<\/div>\n\t\t\t\t\t<\/div>\n\t\t<\/section>\n\t\t\t\t<\/div>\n\t\t","protected":false},"excerpt":{"rendered":"<p>N&rsquo;h\u00e9sitez pas \u00e0 nous d\u00e9poser votre candidature spontan\u00e9e par mail : contact@lateliercojane.com<\/p>\n","protected":false},"author":1,"featured_media":0,"parent":0,"menu_order":0,"comment_status":"closed","ping_status":"closed","template":"","meta":{"_gspb_post_css":"","om_disable_all_campaigns":false,"_monsterinsights_skip_tracking":false,"_monsterinsights_sitenote_active":false,"_monsterinsights_sitenote_note":"","_monsterinsights_sitenote_category":0,"_uf_show_specific_survey":0,"_uf_disable_surveys":false,"footnotes":""},"class_list":["post-121","page","type-page","status-publish","hentry","latest_post"],"aioseo_notices":[],"_links":{"self":[{"href":"https:\/\/lateliercojane.com\/index.php?rest_route=\/wp\/v2\/pages\/121","targetHints":{"allow":["GET"]}}],"collection":[{"href":"https:\/\/lateliercojane.com\/index.php?rest_route=\/wp\/v2\/pages"}],"about":[{"href":"https:\/\/lateliercojane.com\/index.php?rest_route=\/wp\/v2\/types\/page"}],"author":[{"embeddable":true,"href":"https:\/\/lateliercojane.com\/index.php?rest_route=\/wp\/v2\/users\/1"}],"replies":[{"embeddable":true,"href":"https:\/\/lateliercojane.com\/index.php?rest_route=%2Fwp%2Fv2%2Fcomments&post=121"}],"version-history":[{"count":13,"href":"https:\/\/lateliercojane.com\/index.php?rest_route=\/wp\/v2\/pages\/121\/revisions"}],"predecessor-version":[{"id":4237,"href":"https:\/\/lateliercojane.com\/index.php?rest_route=\/wp\/v2\/pages\/121\/revisions\/4237"}],"wp:attachment":[{"href":"https:\/\/lateliercojane.com\/index.php?rest_route=%2Fwp%2Fv2%2Fmedia&parent=121"}],"curies":[{"name":"wp","href":"https:\/\/api.w.org\/{rel}","templated":true}]}}